{"id":1804,"date":"2015-03-23T09:19:52","date_gmt":"2015-03-23T09:19:52","guid":{"rendered":"https:\/\/taximinibusminivans.be\/tarieven-2\/"},"modified":"2024-11-12T19:14:11","modified_gmt":"2024-11-12T19:14:11","slug":"prices","status":"publish","type":"page","link":"https:\/\/taximinibusminivans.be\/fr\/prices\/","title":{"rendered":"Tarifs"},"content":{"rendered":"<p>[vc_row full_width=\u00a0\u00bbfalse\u00a0\u00bb css=\u00a0\u00bb.vc_custom_1427102578230{padding-bottom: 35px !important;}\u00a0\u00bb row_responsive_large=\u00a0\u00bb\u00a0\u00bb row_responsive_medium=\u00a0\u00bb\u00a0\u00bb row_responsive_small=\u00a0\u00bb\u00a0\u00bb row_responsive_extra_small=\u00a0\u00bb\u00a0\u00bb enable_parallax=\u00a0\u00bb\u00a0\u00bb parallax_speed=\u00a0\u00bb0.8&Prime; bg_video_transparent=\u00a0\u00bb0&Prime; loop=\u00a0\u00bb\u00a0\u00bb autoplay=\u00a0\u00bb\u00a0\u00bb muted=\u00a0\u00bb\u00a0\u00bb controls=\u00a0\u00bb\u00a0\u00bb show_btn=\u00a0\u00bb\u00a0\u00bb][vc_column][vc_column_text]<\/p>\n<h1 style=\"text-align: center;\">Nos tarifs :<\/h1>\n<p>[\/vc_column_text][vc_single_image image=\u00a0\u00bb3098&Prime; img_size=\u00a0\u00bb1980*420&Prime; alignment=\u00a0\u00bbcenter\u00a0\u00bb css=\u00a0\u00bb.vc_custom_1731438847892{margin-top: -20px !important;}\u00a0\u00bb][\/vc_column][\/vc_row][vc_row][vc_column][vc_column_text]<\/p>\n<h5 style=\"text-align: center;\"><strong>Tarifs r\u00e9serv\u00e9s aux particuliers, un suppl\u00e9ment sera ajout\u00e9 pour les demandes de facturations.<\/strong><\/h5>\n<p>[\/vc_column_text][vc_raw_html]JTVCdGFibGUlMjBpZCUzRDElMjAlMkYlNUQ=[\/vc_raw_html][\/vc_column][\/vc_row][vc_row][vc_column][vc_message]Pour vos transferts vers d&rsquo;autres adresses, contactez nous par mail en cliquant: <strong><a href=\"https:\/\/taximinibusminivans.be\/fr\/contact\/\" target=\"_blank\" rel=\"noopener\">ici<\/a><\/strong> OU par t\u00e9l\u00e9phone <i class=\"fas fa-phone\"><\/i>\u00a0<a href=\"tel:0469238020\">0469238020<\/a>[\/vc_message][\/vc_column][\/vc_row]<\/p>\n","protected":false},"excerpt":{"rendered":"<p>[vc_row full_width=\u00a0\u00bbfalse\u00a0\u00bb css=\u00a0\u00bb.vc_custom_1427102578230{padding-bottom: 35px !important;}\u00a0\u00bb row_responsive_large=\u00a0\u00bb\u00a0\u00bb row_responsive_medium=\u00a0\u00bb\u00a0\u00bb row_responsive_small=\u00a0\u00bb\u00a0\u00bb row_responsive_extra_small=\u00a0\u00bb\u00a0\u00bb enable_parallax=\u00a0\u00bb\u00a0\u00bb parallax_speed=\u00a0\u00bb0.8&Prime; bg_video_transparent=\u00a0\u00bb0&Prime; loop=\u00a0\u00bb\u00a0\u00bb autoplay=\u00a0\u00bb\u00a0\u00bb muted=\u00a0\u00bb\u00a0\u00bb controls=\u00a0\u00bb\u00a0\u00bb show_btn=\u00a0\u00bb\u00a0\u00bb][vc_column][vc_column_text] Nos tarifs : [\/vc_column_text][vc_single_image image=\u00a0\u00bb3098&Prime; img_size=\u00a0\u00bb1980*420&Prime; alignment=\u00a0\u00bbcenter\u00a0\u00bb css=\u00a0\u00bb.vc_custom_1731438847892{margin-top: -20px !important;}\u00a0\u00bb][\/vc_column][\/vc_row][vc_row][vc_column][vc_column_text] Tarifs r\u00e9serv\u00e9s aux particuliers, un suppl\u00e9ment sera ajout\u00e9 pour les demandes de facturations. [\/vc_column_text][vc_raw_html]JTVCdGFibGUlMjBpZCUzRDElMjAlMkYlNUQ=[\/vc_raw_html][\/vc_column][\/vc_row][vc_row][vc_column][vc_message]Pour vos transferts vers d&rsquo;autres adresses, contactez nous par mail en cliquant: ici OU par [&hellip;]<\/p>\n","protected":false},"author":1,"featured_media":0,"parent":0,"menu_order":0,"comment_status":"open","ping_status":"closed","template":"","meta":{"footnotes":""},"class_list":["post-1804","page","type-page","status-publish","hentry"],"yoast_head":"<!-- This site is optimized with the Yoast SEO plugin v27.4 - https:\/\/yoast.com\/product\/yoast-seo-wordpress\/ -->\n<title>Tarifs -<\/title>\n<meta name=\"robots\" content=\"index, follow, max-snippet:-1, max-image-preview:large, max-video-preview:-1\" \/>\n<link rel=\"canonical\" href=\"https:\/\/taximinibusminivans.be\/fr\/prices\/\" \/>\n<meta property=\"og:locale\" content=\"fr_FR\" \/>\n<meta property=\"og:type\" content=\"article\" \/>\n<meta property=\"og:title\" content=\"Tarifs -\" \/>\n<meta property=\"og:description\" content=\"[vc_row full_width=\u00a0\u00bbfalse\u00a0\u00bb css=\u00a0\u00bb.vc_custom_1427102578230{padding-bottom: 35px !important;}\u00a0\u00bb row_responsive_large=\u00a0\u00bb\u00a0\u00bb row_responsive_medium=\u00a0\u00bb\u00a0\u00bb row_responsive_small=\u00a0\u00bb\u00a0\u00bb row_responsive_extra_small=\u00a0\u00bb\u00a0\u00bb enable_parallax=\u00a0\u00bb\u00a0\u00bb parallax_speed=\u00a0\u00bb0.8&Prime; bg_video_transparent=\u00a0\u00bb0&Prime; loop=\u00a0\u00bb\u00a0\u00bb autoplay=\u00a0\u00bb\u00a0\u00bb muted=\u00a0\u00bb\u00a0\u00bb controls=\u00a0\u00bb\u00a0\u00bb show_btn=\u00a0\u00bb\u00a0\u00bb][vc_column][vc_column_text] Nos tarifs : [\/vc_column_text][vc_single_image image=\u00a0\u00bb3098&Prime; img_size=\u00a0\u00bb1980*420&Prime; alignment=\u00a0\u00bbcenter\u00a0\u00bb css=\u00a0\u00bb.vc_custom_1731438847892{margin-top: -20px !important;}\u00a0\u00bb][\/vc_column][\/vc_row][vc_row][vc_column][vc_column_text] Tarifs r\u00e9serv\u00e9s aux particuliers, un suppl\u00e9ment sera ajout\u00e9 pour les demandes de facturations. [\/vc_column_text][vc_raw_html]JTVCdGFibGUlMjBpZCUzRDElMjAlMkYlNUQ=[\/vc_raw_html][\/vc_column][\/vc_row][vc_row][vc_column][vc_message]Pour vos transferts vers d&rsquo;autres adresses, contactez nous par mail en cliquant: ici OU par [&hellip;]\" \/>\n<meta property=\"og:url\" content=\"https:\/\/taximinibusminivans.be\/fr\/prices\/\" \/>\n<meta property=\"article:modified_time\" content=\"2024-11-12T19:14:11+00:00\" \/>\n<meta name=\"twitter:card\" content=\"summary_large_image\" \/>\n<meta name=\"twitter:label1\" content=\"Dur\u00e9e de lecture estim\u00e9e\" \/>\n\t<meta name=\"twitter:data1\" content=\"1 minute\" \/>\n<script type=\"application\/ld+json\" class=\"yoast-schema-graph\">{\"@context\":\"https:\\\/\\\/schema.org\",\"@graph\":[{\"@type\":\"WebPage\",\"@id\":\"https:\\\/\\\/taximinibusminivans.be\\\/fr\\\/prices\\\/\",\"url\":\"https:\\\/\\\/taximinibusminivans.be\\\/fr\\\/prices\\\/\",\"name\":\"Tarifs -\",\"isPartOf\":{\"@id\":\"https:\\\/\\\/taximinibusminivans.be\\\/#website\"},\"datePublished\":\"2015-03-23T09:19:52+00:00\",\"dateModified\":\"2024-11-12T19:14:11+00:00\",\"breadcrumb\":{\"@id\":\"https:\\\/\\\/taximinibusminivans.be\\\/fr\\\/prices\\\/#breadcrumb\"},\"inLanguage\":\"fr-FR\",\"potentialAction\":[{\"@type\":\"ReadAction\",\"target\":[\"https:\\\/\\\/taximinibusminivans.be\\\/fr\\\/prices\\\/\"]}]},{\"@type\":\"BreadcrumbList\",\"@id\":\"https:\\\/\\\/taximinibusminivans.be\\\/fr\\\/prices\\\/#breadcrumb\",\"itemListElement\":[{\"@type\":\"ListItem\",\"position\":1,\"name\":\"Accueil\",\"item\":\"https:\\\/\\\/taximinibusminivans.be\\\/fr\\\/\"},{\"@type\":\"ListItem\",\"position\":2,\"name\":\"Tarifs\"}]},{\"@type\":\"WebSite\",\"@id\":\"https:\\\/\\\/taximinibusminivans.be\\\/#website\",\"url\":\"https:\\\/\\\/taximinibusminivans.be\\\/\",\"name\":\"Taximinibusminivans\",\"description\":\"TaxiMinibusMinivans.be\",\"publisher\":{\"@id\":\"https:\\\/\\\/taximinibusminivans.be\\\/#organization\"},\"potentialAction\":[{\"@type\":\"SearchAction\",\"target\":{\"@type\":\"EntryPoint\",\"urlTemplate\":\"https:\\\/\\\/taximinibusminivans.be\\\/?s={search_term_string}\"},\"query-input\":{\"@type\":\"PropertyValueSpecification\",\"valueRequired\":true,\"valueName\":\"search_term_string\"}}],\"inLanguage\":\"fr-FR\"},{\"@type\":\"Organization\",\"@id\":\"https:\\\/\\\/taximinibusminivans.be\\\/#organization\",\"name\":\"Taximinibusminivans.be\",\"url\":\"https:\\\/\\\/taximinibusminivans.be\\\/\",\"logo\":{\"@type\":\"ImageObject\",\"inLanguage\":\"fr-FR\",\"@id\":\"https:\\\/\\\/taximinibusminivans.be\\\/#\\\/schema\\\/logo\\\/image\\\/\",\"url\":\"https:\\\/\\\/taximinibusminivans.be\\\/wp-content\\\/uploads\\\/2024\\\/11\\\/cropped-Logo-1.jpg-1.jpg\",\"contentUrl\":\"https:\\\/\\\/taximinibusminivans.be\\\/wp-content\\\/uploads\\\/2024\\\/11\\\/cropped-Logo-1.jpg-1.jpg\",\"width\":240,\"height\":240,\"caption\":\"Taximinibusminivans.be\"},\"image\":{\"@id\":\"https:\\\/\\\/taximinibusminivans.be\\\/#\\\/schema\\\/logo\\\/image\\\/\"}}]}<\/script>\n<!-- \/ Yoast SEO plugin. -->","yoast_head_json":{"title":"Tarifs -","robots":{"index":"index","follow":"follow","max-snippet":"max-snippet:-1","max-image-preview":"max-image-preview:large","max-video-preview":"max-video-preview:-1"},"canonical":"https:\/\/taximinibusminivans.be\/fr\/prices\/","og_locale":"fr_FR","og_type":"article","og_title":"Tarifs -","og_description":"[vc_row full_width=\u00a0\u00bbfalse\u00a0\u00bb css=\u00a0\u00bb.vc_custom_1427102578230{padding-bottom: 35px !important;}\u00a0\u00bb row_responsive_large=\u00a0\u00bb\u00a0\u00bb row_responsive_medium=\u00a0\u00bb\u00a0\u00bb row_responsive_small=\u00a0\u00bb\u00a0\u00bb row_responsive_extra_small=\u00a0\u00bb\u00a0\u00bb enable_parallax=\u00a0\u00bb\u00a0\u00bb parallax_speed=\u00a0\u00bb0.8&Prime; bg_video_transparent=\u00a0\u00bb0&Prime; loop=\u00a0\u00bb\u00a0\u00bb autoplay=\u00a0\u00bb\u00a0\u00bb muted=\u00a0\u00bb\u00a0\u00bb controls=\u00a0\u00bb\u00a0\u00bb show_btn=\u00a0\u00bb\u00a0\u00bb][vc_column][vc_column_text] Nos tarifs : [\/vc_column_text][vc_single_image image=\u00a0\u00bb3098&Prime; img_size=\u00a0\u00bb1980*420&Prime; alignment=\u00a0\u00bbcenter\u00a0\u00bb css=\u00a0\u00bb.vc_custom_1731438847892{margin-top: -20px !important;}\u00a0\u00bb][\/vc_column][\/vc_row][vc_row][vc_column][vc_column_text] Tarifs r\u00e9serv\u00e9s aux particuliers, un suppl\u00e9ment sera ajout\u00e9 pour les demandes de facturations. [\/vc_column_text][vc_raw_html]JTVCdGFibGUlMjBpZCUzRDElMjAlMkYlNUQ=[\/vc_raw_html][\/vc_column][\/vc_row][vc_row][vc_column][vc_message]Pour vos transferts vers d&rsquo;autres adresses, contactez nous par mail en cliquant: ici OU par [&hellip;]","og_url":"https:\/\/taximinibusminivans.be\/fr\/prices\/","article_modified_time":"2024-11-12T19:14:11+00:00","twitter_card":"summary_large_image","twitter_misc":{"Dur\u00e9e de lecture estim\u00e9e":"1 minute"},"schema":{"@context":"https:\/\/schema.org","@graph":[{"@type":"WebPage","@id":"https:\/\/taximinibusminivans.be\/fr\/prices\/","url":"https:\/\/taximinibusminivans.be\/fr\/prices\/","name":"Tarifs -","isPartOf":{"@id":"https:\/\/taximinibusminivans.be\/#website"},"datePublished":"2015-03-23T09:19:52+00:00","dateModified":"2024-11-12T19:14:11+00:00","breadcrumb":{"@id":"https:\/\/taximinibusminivans.be\/fr\/prices\/#breadcrumb"},"inLanguage":"fr-FR","potentialAction":[{"@type":"ReadAction","target":["https:\/\/taximinibusminivans.be\/fr\/prices\/"]}]},{"@type":"BreadcrumbList","@id":"https:\/\/taximinibusminivans.be\/fr\/prices\/#breadcrumb","itemListElement":[{"@type":"ListItem","position":1,"name":"Accueil","item":"https:\/\/taximinibusminivans.be\/fr\/"},{"@type":"ListItem","position":2,"name":"Tarifs"}]},{"@type":"WebSite","@id":"https:\/\/taximinibusminivans.be\/#website","url":"https:\/\/taximinibusminivans.be\/","name":"Taximinibusminivans","description":"TaxiMinibusMinivans.be","publisher":{"@id":"https:\/\/taximinibusminivans.be\/#organization"},"potentialAction":[{"@type":"SearchAction","target":{"@type":"EntryPoint","urlTemplate":"https:\/\/taximinibusminivans.be\/?s={search_term_string}"},"query-input":{"@type":"PropertyValueSpecification","valueRequired":true,"valueName":"search_term_string"}}],"inLanguage":"fr-FR"},{"@type":"Organization","@id":"https:\/\/taximinibusminivans.be\/#organization","name":"Taximinibusminivans.be","url":"https:\/\/taximinibusminivans.be\/","logo":{"@type":"ImageObject","inLanguage":"fr-FR","@id":"https:\/\/taximinibusminivans.be\/#\/schema\/logo\/image\/","url":"https:\/\/taximinibusminivans.be\/wp-content\/uploads\/2024\/11\/cropped-Logo-1.jpg-1.jpg","contentUrl":"https:\/\/taximinibusminivans.be\/wp-content\/uploads\/2024\/11\/cropped-Logo-1.jpg-1.jpg","width":240,"height":240,"caption":"Taximinibusminivans.be"},"image":{"@id":"https:\/\/taximinibusminivans.be\/#\/schema\/logo\/image\/"}}]}},"jetpack_sharing_enabled":true,"_links":{"self":[{"href":"https:\/\/taximinibusminivans.be\/fr\/wp-json\/wp\/v2\/pages\/1804","targetHints":{"allow":["GET"]}}],"collection":[{"href":"https:\/\/taximinibusminivans.be\/fr\/wp-json\/wp\/v2\/pages"}],"about":[{"href":"https:\/\/taximinibusminivans.be\/fr\/wp-json\/wp\/v2\/types\/page"}],"author":[{"embeddable":true,"href":"https:\/\/taximinibusminivans.be\/fr\/wp-json\/wp\/v2\/users\/1"}],"replies":[{"embeddable":true,"href":"https:\/\/taximinibusminivans.be\/fr\/wp-json\/wp\/v2\/comments?post=1804"}],"version-history":[{"count":0,"href":"https:\/\/taximinibusminivans.be\/fr\/wp-json\/wp\/v2\/pages\/1804\/revisions"}],"wp:attachment":[{"href":"https:\/\/taximinibusminivans.be\/fr\/wp-json\/wp\/v2\/media?parent=1804"}],"curies":[{"name":"wp","href":"https:\/\/api.w.org\/{rel}","templated":true}]}}