{"id":2036,"date":"2023-01-22T00:00:07","date_gmt":"2023-01-22T00:00:07","guid":{"rendered":"https:\/\/taximinibusminivans.be\/wie-zijn-wij\/"},"modified":"2025-06-19T19:14:28","modified_gmt":"2025-06-19T19:14:28","slug":"a-propos","status":"publish","type":"page","link":"https:\/\/taximinibusminivans.be\/fr\/a-propos\/","title":{"rendered":"Qui sommes-nous?"},"content":{"rendered":"<p>[vc_row][vc_column][vc_column_text]<\/p>\n<section>\n<h3><strong>Taxis Minibus Minivans<\/strong> est une entreprise de transport bas\u00e9e dans le <strong>Brabant flamand<\/strong>, active dans toute la <strong>Flandre<\/strong> ainsi qu\u2019\u00e0 <strong>Bruxelles<\/strong>.<\/h3>\n<h4>Avec une flotte de plus de <strong>17 minibus<\/strong>, nous assurons des d\u00e9placements fiables, confortables et adapt\u00e9s \u00e0 vos besoins, que ce soit pour des trajets priv\u00e9s ou professionnels.<\/h4>\n<h4>Pour garantir un service de qualit\u00e9, nous restons \u00e0 l\u2019\u00e9coute de nos clients et recueillons r\u00e9guli\u00e8rement leurs avis via notre <a href=\"https:\/\/taximinibusminivans.be\/fr\/contact\/\">formulaire<\/a> en ligne.<\/h4>\n<h4>La <strong>ponctualit\u00e9<\/strong>, la <strong>s\u00e9curit\u00e9<\/strong> et le <strong>professionnalisme<\/strong> sont au c\u0153ur de notre engagement. Notre objectif : organiser vos trajets et \u00e9v\u00e9nements dans les meilleures conditions et au meilleur tarif.<\/h4>\n<h4>Notre \u00e9quipe est \u00e0 votre disposition par t\u00e9l\u00e9phone et par e-mail pour vous conseiller et vous accompagner dans la planification de vos transports.<\/h4>\n<\/section>\n<p>[\/vc_column_text][\/vc_column][\/vc_row][vc_row][vc_column][vc_column_text]<\/p>\n<p>[\/vc_column_text][\/vc_column][\/vc_row][vc_row][vc_column][vc_column_text]<\/p>\n<p>[\/vc_column_text][\/vc_column][\/vc_row][vc_row][vc_column][vc_column_text]<\/p>\n<p>[\/vc_column_text][\/vc_column][\/vc_row][vc_row][vc_column][vc_gmaps link=\u00a0\u00bb#E-8_JTNDaWZyYW1lJTIwc3JjJTNEJTIyaHR0cHMlM0ElMkYlMkZ3d3cuZ29vZ2xlLmNvbSUyRm1hcHMlMkZlbWJlZCUzRnBiJTNEJTIxMW0xOCUyMTFtMTIlMjExbTMlMjExZDQ1NjE1NS44MTAxNTA2MDk0NyUyMTJkNC4wNjk4NDU2NzMzMTcwMjklMjEzZDUwLjgzMjk3MjQ5OTA5NTEyJTIxMm0zJTIxMWYwJTIxMmYwJTIxM2YwJTIxM20yJTIxMWkxMDI0JTIxMmk3NjglMjE0ZjEzLjElMjEzbTMlMjExbTIlMjExczB4NDdjMTYwZDdiZWIwZDhlZCUyNTNBMHhlM2JiZDgyMmJjMzNiMTYyJTIxMnNWbGFhbXMtQnJhYmFudCUyMTVlMCUyMTNtMiUyMTFzbmwlMjEyc2JlJTIxNHYxNzI4OTkyODY3NDQxJTIxNW0yJTIxMXNubCUyMTJzYmUlMjIlMjB3aWR0aCUzRCUyMjYwMCUyMiUyMGhlaWdodCUzRCUyMjQ1MCUyMiUyMHN0eWxlJTNEJTIyYm9yZGVyJTNBMCUzQiUyMiUyMGFsbG93ZnVsbHNjcmVlbiUzRCUyMiUyMiUyMGxvYWRpbmclM0QlMjJsYXp5JTIyJTIwcmVmZXJyZXJwb2xpY3klM0QlMjJuby1yZWZlcnJlci13aGVuLWRvd25ncmFkZSUyMiUzRSUzQyUyRmlmcmFtZSUzRQ==\u00a0\u00bb css_animation=\u00a0\u00bbfadeInUp\u00a0\u00bb][\/vc_column][\/vc_row][vc_row][vc_column][vc_column_text]<\/p>\n<p>[\/vc_column_text][\/vc_column][\/vc_row]<\/p>\n","protected":false},"excerpt":{"rendered":"<p>[vc_row][vc_column][vc_column_text] Taxis Minibus Minivans est une entreprise de transport bas\u00e9e dans le Brabant flamand, active dans toute la Flandre ainsi qu\u2019\u00e0 Bruxelles. Avec une flotte de plus de 17 minibus, nous assurons des d\u00e9placements fiables, confortables et adapt\u00e9s \u00e0 vos besoins, que ce soit pour des trajets priv\u00e9s ou professionnels. Pour garantir un service de [&hellip;]<\/p>\n","protected":false},"author":1,"featured_media":0,"parent":0,"menu_order":0,"comment_status":"closed","ping_status":"closed","template":"","meta":{"footnotes":""},"class_list":["post-2036","page","type-page","status-publish","hentry"],"yoast_head":"<!-- This site is optimized with the Yoast SEO plugin v27.4 - https:\/\/yoast.com\/product\/yoast-seo-wordpress\/ -->\n<title>Qui sommes-nous? -<\/title>\n<meta name=\"robots\" content=\"index, follow, max-snippet:-1, max-image-preview:large, max-video-preview:-1\" \/>\n<link rel=\"canonical\" href=\"https:\/\/taximinibusminivans.be\/fr\/a-propos\/\" \/>\n<meta property=\"og:locale\" content=\"fr_FR\" \/>\n<meta property=\"og:type\" content=\"article\" \/>\n<meta property=\"og:title\" content=\"Qui sommes-nous? -\" \/>\n<meta property=\"og:description\" content=\"[vc_row][vc_column][vc_column_text] Taxis Minibus Minivans est une entreprise de transport bas\u00e9e dans le Brabant flamand, active dans toute la Flandre ainsi qu\u2019\u00e0 Bruxelles. Avec une flotte de plus de 17 minibus, nous assurons des d\u00e9placements fiables, confortables et adapt\u00e9s \u00e0 vos besoins, que ce soit pour des trajets priv\u00e9s ou professionnels. Pour garantir un service de [&hellip;]\" \/>\n<meta property=\"og:url\" content=\"https:\/\/taximinibusminivans.be\/fr\/a-propos\/\" \/>\n<meta property=\"article:modified_time\" content=\"2025-06-19T19:14:28+00:00\" \/>\n<meta name=\"twitter:card\" content=\"summary_large_image\" \/>\n<meta name=\"twitter:label1\" content=\"Dur\u00e9e de lecture estim\u00e9e\" \/>\n\t<meta name=\"twitter:data1\" content=\"1 minute\" \/>\n<script type=\"application\/ld+json\" class=\"yoast-schema-graph\">{\"@context\":\"https:\\\/\\\/schema.org\",\"@graph\":[{\"@type\":\"WebPage\",\"@id\":\"https:\\\/\\\/taximinibusminivans.be\\\/fr\\\/a-propos\\\/\",\"url\":\"https:\\\/\\\/taximinibusminivans.be\\\/fr\\\/a-propos\\\/\",\"name\":\"Qui sommes-nous? -\",\"isPartOf\":{\"@id\":\"https:\\\/\\\/taximinibusminivans.be\\\/#website\"},\"datePublished\":\"2023-01-22T00:00:07+00:00\",\"dateModified\":\"2025-06-19T19:14:28+00:00\",\"breadcrumb\":{\"@id\":\"https:\\\/\\\/taximinibusminivans.be\\\/fr\\\/a-propos\\\/#breadcrumb\"},\"inLanguage\":\"fr-FR\",\"potentialAction\":[{\"@type\":\"ReadAction\",\"target\":[\"https:\\\/\\\/taximinibusminivans.be\\\/fr\\\/a-propos\\\/\"]}]},{\"@type\":\"BreadcrumbList\",\"@id\":\"https:\\\/\\\/taximinibusminivans.be\\\/fr\\\/a-propos\\\/#breadcrumb\",\"itemListElement\":[{\"@type\":\"ListItem\",\"position\":1,\"name\":\"Accueil\",\"item\":\"https:\\\/\\\/taximinibusminivans.be\\\/fr\\\/\"},{\"@type\":\"ListItem\",\"position\":2,\"name\":\"Qui sommes-nous?\"}]},{\"@type\":\"WebSite\",\"@id\":\"https:\\\/\\\/taximinibusminivans.be\\\/#website\",\"url\":\"https:\\\/\\\/taximinibusminivans.be\\\/\",\"name\":\"Taximinibusminivans\",\"description\":\"TaxiMinibusMinivans.be\",\"publisher\":{\"@id\":\"https:\\\/\\\/taximinibusminivans.be\\\/#organization\"},\"potentialAction\":[{\"@type\":\"SearchAction\",\"target\":{\"@type\":\"EntryPoint\",\"urlTemplate\":\"https:\\\/\\\/taximinibusminivans.be\\\/?s={search_term_string}\"},\"query-input\":{\"@type\":\"PropertyValueSpecification\",\"valueRequired\":true,\"valueName\":\"search_term_string\"}}],\"inLanguage\":\"fr-FR\"},{\"@type\":\"Organization\",\"@id\":\"https:\\\/\\\/taximinibusminivans.be\\\/#organization\",\"name\":\"Taximinibusminivans.be\",\"url\":\"https:\\\/\\\/taximinibusminivans.be\\\/\",\"logo\":{\"@type\":\"ImageObject\",\"inLanguage\":\"fr-FR\",\"@id\":\"https:\\\/\\\/taximinibusminivans.be\\\/#\\\/schema\\\/logo\\\/image\\\/\",\"url\":\"https:\\\/\\\/taximinibusminivans.be\\\/wp-content\\\/uploads\\\/2024\\\/11\\\/cropped-Logo-1.jpg-1.jpg\",\"contentUrl\":\"https:\\\/\\\/taximinibusminivans.be\\\/wp-content\\\/uploads\\\/2024\\\/11\\\/cropped-Logo-1.jpg-1.jpg\",\"width\":240,\"height\":240,\"caption\":\"Taximinibusminivans.be\"},\"image\":{\"@id\":\"https:\\\/\\\/taximinibusminivans.be\\\/#\\\/schema\\\/logo\\\/image\\\/\"}}]}<\/script>\n<!-- \/ Yoast SEO plugin. -->","yoast_head_json":{"title":"Qui sommes-nous? -","robots":{"index":"index","follow":"follow","max-snippet":"max-snippet:-1","max-image-preview":"max-image-preview:large","max-video-preview":"max-video-preview:-1"},"canonical":"https:\/\/taximinibusminivans.be\/fr\/a-propos\/","og_locale":"fr_FR","og_type":"article","og_title":"Qui sommes-nous? -","og_description":"[vc_row][vc_column][vc_column_text] Taxis Minibus Minivans est une entreprise de transport bas\u00e9e dans le Brabant flamand, active dans toute la Flandre ainsi qu\u2019\u00e0 Bruxelles. Avec une flotte de plus de 17 minibus, nous assurons des d\u00e9placements fiables, confortables et adapt\u00e9s \u00e0 vos besoins, que ce soit pour des trajets priv\u00e9s ou professionnels. Pour garantir un service de [&hellip;]","og_url":"https:\/\/taximinibusminivans.be\/fr\/a-propos\/","article_modified_time":"2025-06-19T19:14:28+00:00","twitter_card":"summary_large_image","twitter_misc":{"Dur\u00e9e de lecture estim\u00e9e":"1 minute"},"schema":{"@context":"https:\/\/schema.org","@graph":[{"@type":"WebPage","@id":"https:\/\/taximinibusminivans.be\/fr\/a-propos\/","url":"https:\/\/taximinibusminivans.be\/fr\/a-propos\/","name":"Qui sommes-nous? -","isPartOf":{"@id":"https:\/\/taximinibusminivans.be\/#website"},"datePublished":"2023-01-22T00:00:07+00:00","dateModified":"2025-06-19T19:14:28+00:00","breadcrumb":{"@id":"https:\/\/taximinibusminivans.be\/fr\/a-propos\/#breadcrumb"},"inLanguage":"fr-FR","potentialAction":[{"@type":"ReadAction","target":["https:\/\/taximinibusminivans.be\/fr\/a-propos\/"]}]},{"@type":"BreadcrumbList","@id":"https:\/\/taximinibusminivans.be\/fr\/a-propos\/#breadcrumb","itemListElement":[{"@type":"ListItem","position":1,"name":"Accueil","item":"https:\/\/taximinibusminivans.be\/fr\/"},{"@type":"ListItem","position":2,"name":"Qui sommes-nous?"}]},{"@type":"WebSite","@id":"https:\/\/taximinibusminivans.be\/#website","url":"https:\/\/taximinibusminivans.be\/","name":"Taximinibusminivans","description":"TaxiMinibusMinivans.be","publisher":{"@id":"https:\/\/taximinibusminivans.be\/#organization"},"potentialAction":[{"@type":"SearchAction","target":{"@type":"EntryPoint","urlTemplate":"https:\/\/taximinibusminivans.be\/?s={search_term_string}"},"query-input":{"@type":"PropertyValueSpecification","valueRequired":true,"valueName":"search_term_string"}}],"inLanguage":"fr-FR"},{"@type":"Organization","@id":"https:\/\/taximinibusminivans.be\/#organization","name":"Taximinibusminivans.be","url":"https:\/\/taximinibusminivans.be\/","logo":{"@type":"ImageObject","inLanguage":"fr-FR","@id":"https:\/\/taximinibusminivans.be\/#\/schema\/logo\/image\/","url":"https:\/\/taximinibusminivans.be\/wp-content\/uploads\/2024\/11\/cropped-Logo-1.jpg-1.jpg","contentUrl":"https:\/\/taximinibusminivans.be\/wp-content\/uploads\/2024\/11\/cropped-Logo-1.jpg-1.jpg","width":240,"height":240,"caption":"Taximinibusminivans.be"},"image":{"@id":"https:\/\/taximinibusminivans.be\/#\/schema\/logo\/image\/"}}]}},"jetpack_sharing_enabled":true,"_links":{"self":[{"href":"https:\/\/taximinibusminivans.be\/fr\/wp-json\/wp\/v2\/pages\/2036","targetHints":{"allow":["GET"]}}],"collection":[{"href":"https:\/\/taximinibusminivans.be\/fr\/wp-json\/wp\/v2\/pages"}],"about":[{"href":"https:\/\/taximinibusminivans.be\/fr\/wp-json\/wp\/v2\/types\/page"}],"author":[{"embeddable":true,"href":"https:\/\/taximinibusminivans.be\/fr\/wp-json\/wp\/v2\/users\/1"}],"replies":[{"embeddable":true,"href":"https:\/\/taximinibusminivans.be\/fr\/wp-json\/wp\/v2\/comments?post=2036"}],"version-history":[{"count":0,"href":"https:\/\/taximinibusminivans.be\/fr\/wp-json\/wp\/v2\/pages\/2036\/revisions"}],"wp:attachment":[{"href":"https:\/\/taximinibusminivans.be\/fr\/wp-json\/wp\/v2\/media?parent=2036"}],"curies":[{"name":"wp","href":"https:\/\/api.w.org\/{rel}","templated":true}]}}