{"id":2114,"date":"2023-01-22T16:21:37","date_gmt":"2023-01-22T16:21:37","guid":{"rendered":"https:\/\/taximinibusminivans.be\/contact-2\/"},"modified":"2024-11-12T22:32:14","modified_gmt":"2024-11-12T22:32:14","slug":"contact","status":"publish","type":"page","link":"https:\/\/taximinibusminivans.be\/fr\/contact\/","title":{"rendered":"Contact"},"content":{"rendered":"<p>[vc_row][vc_column][vc_column_text]<\/p>\n<p>[\/vc_column_text][vc_single_image image=\u00a0\u00bb3074&Prime; img_size=\u00a0\u00bb1920*400&Prime; alignment=\u00a0\u00bbcenter\u00a0\u00bb css=\u00a0\u00bb.vc_custom_1730499286037{margin-top: -50px !important;margin-right: -250px !important;margin-left: -250px !important;}\u00a0\u00bb][\/vc_column][\/vc_row][vc_row][vc_column width=\u00a0\u00bb1\/2&Prime;][vc_column_text trp_param_exclude_languages=\u00a0\u00bbfr_FR\u00a0\u00bb trp_param_exclude=\u00a0\u00bbtrue\u00a0\u00bb]<\/p>\n<div style=\"text-align: center;\">\n<h2><strong>Information:<\/strong><\/h2>\n<p id=\"tw-target-text\" class=\"tw-data-text tw-text-large tw-ta\" dir=\"ltr\" data-placeholder=\"Traduction\"><span class=\"Y2IQFc\" lang=\"fr\"><b>Utilisez notre formulaire , appelez-nous ou envoyez nous un email. Nous y r\u00e9pondrons rapidement!<\/b><\/span><\/p>\n<p>&nbsp;<\/p>\n<h4><strong><i class=\"fas fa-phone\"><\/i><br \/>\n<a href=\"tel:+32469238020\">+32469238020<\/a><\/strong><\/h4>\n<p>&nbsp;<\/p>\n<h4><strong><i class=\"fas fa-at\"><\/i><br \/>\n<a href=\"mailto:info.taxibussen@gmail.com\">info.taxibussen@gmail.com<\/a><\/strong><\/h4>\n<\/div>\n<p>[\/vc_column_text][\/vc_column][vc_column width=\u00a0\u00bb1\/2&Prime;]\n<div class=\"wpcf7 no-js\" id=\"wpcf7-f2432-o1\" lang=\"en-US\" dir=\"ltr\" data-wpcf7-id=\"2432\">\n<div class=\"screen-reader-response\"><p role=\"status\" aria-live=\"polite\" aria-atomic=\"true\"><\/p> <ul><\/ul><\/div>\n<form action=\"\/fr\/wp-json\/wp\/v2\/pages\/2114#wpcf7-f2432-o1\" method=\"post\" class=\"wpcf7-form init\" aria-label=\"Contact form\" novalidate=\"novalidate\" data-status=\"init\">\n<fieldset class=\"hidden-fields-container\"><input type=\"hidden\" name=\"_wpcf7\" value=\"2432\" \/><input type=\"hidden\" name=\"_wpcf7_version\" value=\"6.1.5\" \/><input type=\"hidden\" name=\"_wpcf7_locale\" value=\"en_US\" \/><input type=\"hidden\" name=\"_wpcf7_unit_tag\" value=\"wpcf7-f2432-o1\" \/><input type=\"hidden\" name=\"_wpcf7_container_post\" value=\"0\" \/><input type=\"hidden\" name=\"_wpcf7_posted_data_hash\" value=\"\" \/>\n<\/fieldset>\n<div class=\"form-group form-contact-2\">\n\t<div class=\"control-label\">\n\t\t<p><label for=\"InputName\">Nom*<\/label>\n\t\t<\/p>\n\t<\/div>\n\t<div class=\"controls\">\n\t\t<p><span class=\"wpcf7-form-control-wrap\" data-name=\"input_name\"><input size=\"40\" maxlength=\"400\" class=\"wpcf7-form-control wpcf7-text wpcf7-validates-as-required form-control\" id=\"InputName\" aria-required=\"true\" aria-invalid=\"false\" value=\"\" type=\"text\" name=\"input_name\" \/><\/span>\n\t\t<\/p>\n\t<\/div>\n<\/div>\n<div class=\"form-group form-contact-2\">\n\t<div class=\"control-label\">\n\t\t<p><label for=\"InputEmail \">Email *<\/label>\n\t\t<\/p>\n\t<\/div>\n\t<div class=\"controls\">\n\t\t<p><span class=\"wpcf7-form-control-wrap\" data-name=\"email\"><input size=\"40\" maxlength=\"400\" class=\"wpcf7-form-control wpcf7-email wpcf7-validates-as-required wpcf7-text wpcf7-validates-as-email form-control\" id=\"email\" aria-required=\"true\" aria-invalid=\"false\" value=\"\" type=\"email\" name=\"email\" \/><\/span>\n\t\t<\/p>\n\t<\/div>\n<\/div>\n<div class=\"form-group form-contact-2\">\n\t<div class=\"control-label\">\n\t\t<p><label for=\"InputSubject\">Sujet*<\/label>\n\t\t<\/p>\n\t<\/div>\n\t<div class=\"controls\">\n\t\t<p><span class=\"wpcf7-form-control-wrap\" data-name=\"subject\"><input size=\"40\" maxlength=\"400\" class=\"wpcf7-form-control wpcf7-text wpcf7-validates-as-required subject form-control\" id=\"input-subject\" aria-required=\"true\" aria-invalid=\"false\" value=\"\" type=\"text\" name=\"subject\" \/><\/span>\n\t\t<\/p>\n\t<\/div>\n<\/div>\n<div class=\"form-group form-contact-2\">\n\t<div class=\"control-label\">\n\t\t<p><label for=\"InputMessage\">Message*<\/label>\n\t\t<\/p>\n\t<\/div>\n\t<div class=\"controls\">\n\t\t<p><span class=\"wpcf7-form-control-wrap\" data-name=\"message\"><textarea cols=\"40\" rows=\"10\" maxlength=\"2000\" class=\"wpcf7-form-control wpcf7-textarea form-control\" id=\"input-message\" aria-invalid=\"false\" name=\"message\"><\/textarea><\/span>\n\t\t<\/p>\n\t<\/div>\n<\/div>\n<div class=\"form-group form-contact-2\">\n\t<div class=\"control-label\">\n\t\t<p><label> Envoyez-moi une copie de cet e-mail <\/label>\n\t\t<\/p>\n\t<\/div>\n\t<div class=\"controls\">\n\t\t<p><input type=\"checkbox\" \/>\n\t\t<\/p>\n\t<\/div>\n<\/div>\n<div class=\"form-actions\">\n\t<p><input class=\"wpcf7-form-control wpcf7-submit has-spinner send-mail\" type=\"submit\" value=\"Envoyer\" \/>\n\t<\/p>\n<\/div><p style=\"display: none !important;\" class=\"akismet-fields-container\" data-prefix=\"_wpcf7_ak_\"><label>&#916;<textarea name=\"_wpcf7_ak_hp_textarea\" cols=\"45\" rows=\"8\" maxlength=\"100\"><\/textarea><\/label><input type=\"hidden\" id=\"ak_js_1\" name=\"_wpcf7_ak_js\" value=\"125\"\/><script>document.getElementById( \"ak_js_1\" ).setAttribute( \"value\", ( new Date() ).getTime() );<\/script><\/p><div class=\"wpcf7-response-output\" aria-hidden=\"true\"><\/div>\n<\/form>\n<\/div>\n[vc_raw_html]PGJyPjxicj48YnI+PGJyPg==[\/vc_raw_html][vc_empty_space height=\u00a0\u00bb20px\u00a0\u00bb][\/vc_column][\/vc_row][vc_row][vc_column][vc_gmaps link=\u00a0\u00bb#E-8_JTNDaWZyYW1lJTIwc3JjJTNEJTIyaHR0cHMlM0ElMkYlMkZ3d3cuZ29vZ2xlLmNvbSUyRm1hcHMlMkZlbWJlZCUzRnBiJTNEJTIxMW0xOCUyMTFtMTIlMjExbTMlMjExZDY0NDYxNS4zNTU4NjY2MTcyJTIxMmQzLjg3ODk5MDc1NzY1NTkyNCUyMTNkNTAuODY3NjY3NzkyODQxOTElMjEybTMlMjExZjAlMjEyZjAlMjEzZjAlMjEzbTIlMjExaTEwMjQlMjEyaTc2OCUyMTRmMTMuMSUyMTNtMyUyMTFtMiUyMTFzMHg0N2MxNjBkN2JlYjBkOGVkJTI1M0EweGUzYmJkODIyYmMzM2IxNjIlMjEyc0JyYWJhbnQlMjUyMEZsYW1hbmQlMjE1ZTAlMjEzbTIlMjExc2ZyJTIxMnNiZSUyMTR2MTcyODkxMTk1OTY1NCUyMTVtMiUyMTFzZnIlMjEyc2JlJTIyJTIwd2lkdGglM0QlMjI2MDAlMjIlMjBoZWlnaHQlM0QlMjI0NTAlMjIlMjBzdHlsZSUzRCUyMmJvcmRlciUzQTAlM0IlMjIlMjBhbGxvd2Z1bGxzY3JlZW4lM0QlMjIlMjIlMjBsb2FkaW5nJTNEJTIybGF6eSUyMiUyMHJlZmVycmVycG9saWN5JTNEJTIybm8tcmVmZXJyZXItd2hlbi1kb3duZ3JhZGUlMjIlM0UlM0MlMkZpZnJhbWUlM0U=\u00a0\u00bb css=\u00a0\u00bb.vc_custom_1728912240560{margin-right: -10px !important;margin-left: -10px !important;}\u00a0\u00bb title=\u00a0\u00bbLocalisation:\u00a0\u00bb][\/vc_column][\/vc_row]<\/p>\n","protected":false},"excerpt":{"rendered":"<p>[vc_row][vc_column][vc_column_text] [\/vc_column_text][vc_single_image image=\u00a0\u00bb3074&Prime; img_size=\u00a0\u00bb1920*400&Prime; alignment=\u00a0\u00bbcenter\u00a0\u00bb css=\u00a0\u00bb.vc_custom_1730499286037{margin-top: -50px !important;margin-right: -250px !important;margin-left: -250px !important;}\u00a0\u00bb][\/vc_column][\/vc_row][vc_row][vc_column width=\u00a0\u00bb1\/2&Prime;][vc_column_text trp_param_exclude_languages=\u00a0\u00bbfr_FR\u00a0\u00bb trp_param_exclude=\u00a0\u00bbtrue\u00a0\u00bb] Information: Utilisez notre formulaire , appelez-nous ou envoyez nous un email. Nous y r\u00e9pondrons rapidement! &nbsp; +32469238020 &nbsp; info.taxibussen@gmail.com [\/vc_column_text][\/vc_column][vc_column width=\u00a0\u00bb1\/2&Prime;][vc_raw_html]PGJyPjxicj48YnI+PGJyPg==[\/vc_raw_html][vc_empty_space height=\u00a0\u00bb20px\u00a0\u00bb][\/vc_column][\/vc_row][vc_row][vc_column][vc_gmaps link=\u00a0\u00bb#E-8_JTNDaWZyYW1lJTIwc3JjJTNEJTIyaHR0cHMlM0ElMkYlMkZ3d3cuZ29vZ2xlLmNvbSUyRm1hcHMlMkZlbWJlZCUzRnBiJTNEJTIxMW0xOCUyMTFtMTIlMjExbTMlMjExZDY0NDYxNS4zNTU4NjY2MTcyJTIxMmQzLjg3ODk5MDc1NzY1NTkyNCUyMTNkNTAuODY3NjY3NzkyODQxOTElMjEybTMlMjExZjAlMjEyZjAlMjEzZjAlMjEzbTIlMjExaTEwMjQlMjEyaTc2OCUyMTRmMTMuMSUyMTNtMyUyMTFtMiUyMTFzMHg0N2MxNjBkN2JlYjBkOGVkJTI1M0EweGUzYmJkODIyYmMzM2IxNjIlMjEyc0JyYWJhbnQlMjUyMEZsYW1hbmQlMjE1ZTAlMjEzbTIlMjExc2ZyJTIxMnNiZSUyMTR2MTcyODkxMTk1OTY1NCUyMTVtMiUyMTFzZnIlMjEyc2JlJTIyJTIwd2lkdGglM0QlMjI2MDAlMjIlMjBoZWlnaHQlM0QlMjI0NTAlMjIlMjBzdHlsZSUzRCUyMmJvcmRlciUzQTAlM0IlMjIlMjBhbGxvd2Z1bGxzY3JlZW4lM0QlMjIlMjIlMjBsb2FkaW5nJTNEJTIybGF6eSUyMiUyMHJlZmVycmVycG9saWN5JTNEJTIybm8tcmVmZXJyZXItd2hlbi1kb3duZ3JhZGUlMjIlM0UlM0MlMkZpZnJhbWUlM0U=\u00a0\u00bb css=\u00a0\u00bb.vc_custom_1728912240560{margin-right: -10px !important;margin-left: -10px !important;}\u00a0\u00bb title=\u00a0\u00bbLocalisation:\u00a0\u00bb][\/vc_column][\/vc_row]<\/p>\n","protected":false},"author":1,"featured_media":0,"parent":0,"menu_order":0,"comment_status":"closed","ping_status":"closed","template":"","meta":{"footnotes":""},"class_list":["post-2114","page","type-page","status-publish","hentry"],"yoast_head":"<!-- This site is optimized with the Yoast SEO plugin v27.4 - https:\/\/yoast.com\/product\/yoast-seo-wordpress\/ -->\n<title>Contact -<\/title>\n<meta name=\"description\" content=\"Soci\u00e9t\u00e9 de taxis \u00e0 Bruxelles et en Flandre. Contactez nous par email ou appelez-nous. Nos tarifs: https:\/\/taximinibusminivans.be\/fr\/prices\/\" \/>\n<meta name=\"robots\" content=\"index, follow, max-snippet:-1, max-image-preview:large, max-video-preview:-1\" \/>\n<link rel=\"canonical\" href=\"https:\/\/taximinibusminivans.be\/fr\/contact\/\" \/>\n<meta property=\"og:locale\" content=\"fr_FR\" \/>\n<meta property=\"og:type\" content=\"article\" \/>\n<meta property=\"og:title\" content=\"Contact -\" \/>\n<meta property=\"og:description\" content=\"Soci\u00e9t\u00e9 de taxis \u00e0 Bruxelles et en Flandre. Contactez nous par email ou appelez-nous. Nos tarifs: https:\/\/taximinibusminivans.be\/fr\/prices\/\" \/>\n<meta property=\"og:url\" content=\"https:\/\/taximinibusminivans.be\/fr\/contact\/\" \/>\n<meta property=\"article:modified_time\" content=\"2024-11-12T22:32:14+00:00\" \/>\n<meta name=\"twitter:card\" content=\"summary_large_image\" \/>\n<meta name=\"twitter:label1\" content=\"Dur\u00e9e de lecture estim\u00e9e\" \/>\n\t<meta name=\"twitter:data1\" content=\"1 minute\" \/>\n<script type=\"application\/ld+json\" class=\"yoast-schema-graph\">{\"@context\":\"https:\\\/\\\/schema.org\",\"@graph\":[{\"@type\":\"WebPage\",\"@id\":\"https:\\\/\\\/taximinibusminivans.be\\\/fr\\\/contact\\\/\",\"url\":\"https:\\\/\\\/taximinibusminivans.be\\\/fr\\\/contact\\\/\",\"name\":\"Contact -\",\"isPartOf\":{\"@id\":\"https:\\\/\\\/taximinibusminivans.be\\\/#website\"},\"datePublished\":\"2023-01-22T16:21:37+00:00\",\"dateModified\":\"2024-11-12T22:32:14+00:00\",\"description\":\"Soci\u00e9t\u00e9 de taxis \u00e0 Bruxelles et en Flandre. Contactez nous par email ou appelez-nous. Nos tarifs: https:\\\/\\\/taximinibusminivans.be\\\/fr\\\/prices\\\/\",\"breadcrumb\":{\"@id\":\"https:\\\/\\\/taximinibusminivans.be\\\/fr\\\/contact\\\/#breadcrumb\"},\"inLanguage\":\"fr-FR\",\"potentialAction\":[{\"@type\":\"ReadAction\",\"target\":[\"https:\\\/\\\/taximinibusminivans.be\\\/fr\\\/contact\\\/\"]}]},{\"@type\":\"BreadcrumbList\",\"@id\":\"https:\\\/\\\/taximinibusminivans.be\\\/fr\\\/contact\\\/#breadcrumb\",\"itemListElement\":[{\"@type\":\"ListItem\",\"position\":1,\"name\":\"Accueil\",\"item\":\"https:\\\/\\\/taximinibusminivans.be\\\/fr\\\/\"},{\"@type\":\"ListItem\",\"position\":2,\"name\":\"Contact\"}]},{\"@type\":\"WebSite\",\"@id\":\"https:\\\/\\\/taximinibusminivans.be\\\/#website\",\"url\":\"https:\\\/\\\/taximinibusminivans.be\\\/\",\"name\":\"Taximinibusminivans\",\"description\":\"TaxiMinibusMinivans.be\",\"publisher\":{\"@id\":\"https:\\\/\\\/taximinibusminivans.be\\\/#organization\"},\"potentialAction\":[{\"@type\":\"SearchAction\",\"target\":{\"@type\":\"EntryPoint\",\"urlTemplate\":\"https:\\\/\\\/taximinibusminivans.be\\\/?s={search_term_string}\"},\"query-input\":{\"@type\":\"PropertyValueSpecification\",\"valueRequired\":true,\"valueName\":\"search_term_string\"}}],\"inLanguage\":\"fr-FR\"},{\"@type\":\"Organization\",\"@id\":\"https:\\\/\\\/taximinibusminivans.be\\\/#organization\",\"name\":\"Taximinibusminivans.be\",\"url\":\"https:\\\/\\\/taximinibusminivans.be\\\/\",\"logo\":{\"@type\":\"ImageObject\",\"inLanguage\":\"fr-FR\",\"@id\":\"https:\\\/\\\/taximinibusminivans.be\\\/#\\\/schema\\\/logo\\\/image\\\/\",\"url\":\"https:\\\/\\\/taximinibusminivans.be\\\/wp-content\\\/uploads\\\/2024\\\/11\\\/cropped-Logo-1.jpg-1.jpg\",\"contentUrl\":\"https:\\\/\\\/taximinibusminivans.be\\\/wp-content\\\/uploads\\\/2024\\\/11\\\/cropped-Logo-1.jpg-1.jpg\",\"width\":240,\"height\":240,\"caption\":\"Taximinibusminivans.be\"},\"image\":{\"@id\":\"https:\\\/\\\/taximinibusminivans.be\\\/#\\\/schema\\\/logo\\\/image\\\/\"}}]}<\/script>\n<!-- \/ Yoast SEO plugin. -->","yoast_head_json":{"title":"Contact -","description":"Soci\u00e9t\u00e9 de taxis \u00e0 Bruxelles et en Flandre. Contactez nous par email ou appelez-nous. Nos tarifs: https:\/\/taximinibusminivans.be\/fr\/prices\/","robots":{"index":"index","follow":"follow","max-snippet":"max-snippet:-1","max-image-preview":"max-image-preview:large","max-video-preview":"max-video-preview:-1"},"canonical":"https:\/\/taximinibusminivans.be\/fr\/contact\/","og_locale":"fr_FR","og_type":"article","og_title":"Contact -","og_description":"Soci\u00e9t\u00e9 de taxis \u00e0 Bruxelles et en Flandre. Contactez nous par email ou appelez-nous. Nos tarifs: https:\/\/taximinibusminivans.be\/fr\/prices\/","og_url":"https:\/\/taximinibusminivans.be\/fr\/contact\/","article_modified_time":"2024-11-12T22:32:14+00:00","twitter_card":"summary_large_image","twitter_misc":{"Dur\u00e9e de lecture estim\u00e9e":"1 minute"},"schema":{"@context":"https:\/\/schema.org","@graph":[{"@type":"WebPage","@id":"https:\/\/taximinibusminivans.be\/fr\/contact\/","url":"https:\/\/taximinibusminivans.be\/fr\/contact\/","name":"Contact -","isPartOf":{"@id":"https:\/\/taximinibusminivans.be\/#website"},"datePublished":"2023-01-22T16:21:37+00:00","dateModified":"2024-11-12T22:32:14+00:00","description":"Soci\u00e9t\u00e9 de taxis \u00e0 Bruxelles et en Flandre. Contactez nous par email ou appelez-nous. Nos tarifs: https:\/\/taximinibusminivans.be\/fr\/prices\/","breadcrumb":{"@id":"https:\/\/taximinibusminivans.be\/fr\/contact\/#breadcrumb"},"inLanguage":"fr-FR","potentialAction":[{"@type":"ReadAction","target":["https:\/\/taximinibusminivans.be\/fr\/contact\/"]}]},{"@type":"BreadcrumbList","@id":"https:\/\/taximinibusminivans.be\/fr\/contact\/#breadcrumb","itemListElement":[{"@type":"ListItem","position":1,"name":"Accueil","item":"https:\/\/taximinibusminivans.be\/fr\/"},{"@type":"ListItem","position":2,"name":"Contact"}]},{"@type":"WebSite","@id":"https:\/\/taximinibusminivans.be\/#website","url":"https:\/\/taximinibusminivans.be\/","name":"Taximinibusminivans","description":"TaxiMinibusMinivans.be","publisher":{"@id":"https:\/\/taximinibusminivans.be\/#organization"},"potentialAction":[{"@type":"SearchAction","target":{"@type":"EntryPoint","urlTemplate":"https:\/\/taximinibusminivans.be\/?s={search_term_string}"},"query-input":{"@type":"PropertyValueSpecification","valueRequired":true,"valueName":"search_term_string"}}],"inLanguage":"fr-FR"},{"@type":"Organization","@id":"https:\/\/taximinibusminivans.be\/#organization","name":"Taximinibusminivans.be","url":"https:\/\/taximinibusminivans.be\/","logo":{"@type":"ImageObject","inLanguage":"fr-FR","@id":"https:\/\/taximinibusminivans.be\/#\/schema\/logo\/image\/","url":"https:\/\/taximinibusminivans.be\/wp-content\/uploads\/2024\/11\/cropped-Logo-1.jpg-1.jpg","contentUrl":"https:\/\/taximinibusminivans.be\/wp-content\/uploads\/2024\/11\/cropped-Logo-1.jpg-1.jpg","width":240,"height":240,"caption":"Taximinibusminivans.be"},"image":{"@id":"https:\/\/taximinibusminivans.be\/#\/schema\/logo\/image\/"}}]}},"jetpack_sharing_enabled":true,"_links":{"self":[{"href":"https:\/\/taximinibusminivans.be\/fr\/wp-json\/wp\/v2\/pages\/2114","targetHints":{"allow":["GET"]}}],"collection":[{"href":"https:\/\/taximinibusminivans.be\/fr\/wp-json\/wp\/v2\/pages"}],"about":[{"href":"https:\/\/taximinibusminivans.be\/fr\/wp-json\/wp\/v2\/types\/page"}],"author":[{"embeddable":true,"href":"https:\/\/taximinibusminivans.be\/fr\/wp-json\/wp\/v2\/users\/1"}],"replies":[{"embeddable":true,"href":"https:\/\/taximinibusminivans.be\/fr\/wp-json\/wp\/v2\/comments?post=2114"}],"version-history":[{"count":0,"href":"https:\/\/taximinibusminivans.be\/fr\/wp-json\/wp\/v2\/pages\/2114\/revisions"}],"wp:attachment":[{"href":"https:\/\/taximinibusminivans.be\/fr\/wp-json\/wp\/v2\/media?parent=2114"}],"curies":[{"name":"wp","href":"https:\/\/api.w.org\/{rel}","templated":true}]}}