{"id":60,"date":"2015-02-27T03:35:54","date_gmt":"2015-02-27T03:35:54","guid":{"rendered":"http:\/\/demo.cmssuperheroes.com\/themeforest\/wp-citycab\/?page_id=45"},"modified":"2024-11-12T19:01:35","modified_gmt":"2024-11-12T19:01:35","slug":"a-propos-2","status":"publish","type":"page","link":"https:\/\/taximinibusminivans.be\/fr\/","title":{"rendered":"A propos"},"content":{"rendered":"<p>[vc_row][vc_column][\/vc_column][vc_column_text][vc_column_text el_class=\u00a0\u00bbwiezijnwij\u00a0\u00bb]<\/p>\n<h3><strong>Taxis Minibus Minivans est une soci\u00e9t\u00e9 de transport situ\u00e9e dans le Brabant flamand.<\/strong><\/h3>\n<h4>Nous sommes actifs dans toute la Flandre et \u00e0 Bruxelles et disposons de plus de 17 minibus.<\/h4>\n<h4>Afin d\u2019optimiser et maintenir un service de qualit\u00e9, nous demandons r\u00e9guli\u00e9rement l&rsquo;avis de nos clients via notre formulaire web.<\/h4>\n<h4>La ponctualit\u00e9 et la s\u00e9curit\u00e9 sont essentielles pour nous.<\/h4>\n<h4>Organiser vos voyages et \u00e9v\u00e9nements dans les meilleures conditions et aux meilleurs prix est notre priorit\u00e9.<\/h4>\n<h4>Nos services sont toujours disponibles pour vous accompagner et nous sommes joignable par t\u00e9l\u00e9phone et email pour vous conseiller dans l&rsquo;organisation de votre transport.<\/h4>\n<h4><a style=\"color: orange; font-weight: bold;\" href=\"..\/contact\/\">formulaire web<\/a>.<\/h4>\n<h4>La ponctualit\u00e9 et la s\u00e9curit\u00e9 sont essentielles pour nous.<\/h4>\n<h4>Organiser vos voyages dans les meilleures conditions et au meilleur prix est notre priorit\u00e9.[\/vc_column_text][vc_row][\/vc_row][vc_column][\/vc_column][vc_gmaps link=\u00a0\u00bb#E-8_JTNDaWZyYW1lJTIwc3JjJTNEJTIyaHR0cHMlM0ElMkYlMkZ3d3cuZ29vZ2xlLmNvbSUyRm1hcHMlMkZlbWJlZCUzRnBiJTNEJTIxMW0xOCUyMTFtMTIlMjExbTMlMjExZDQ1NjE1NS44MTAxNTA2MDk0NyUyMTJkNC4wNjk4NDU2NzMzMTcwMjklMjEzZDUwLjgzMjk3MjQ5OTA5NTEyJTIxMm0zJTIxMWYwJTIxMmYwJTIxM2YwJTIxM20yJTIxMWkxMDI0JTIxMmk3NjglMjE0ZjEzLjElMjEzbTMlMjExbTIlMjExczB4NDdjMTYwZDdiZWIwZDhlZCUyNTNBMHhlM2JiZDgyMmJjMzNiMTYyJTIxMnNWbGFhbXMtQnJhYmFudCUyMTVlMCUyMTNtMiUyMTFzbmwlMjEyc2JlJTIxNHYxNzI4OTkyODY3NDQxJTIxNW0yJTIxMXNubCUyMTJzYmUlMjIlMjB3aWR0aCUzRCUyMjYwMCUyMiUyMGhlaWdodCUzRCUyMjQ1MCUyMiUyMHN0eWxlJTNEJTIyYm9yZGVyJTNBMCUzQiUyMiUyMGFsbG93ZnVsbHNjcmVlbiUzRCUyMiUyMiUyMGxvYWRpbmclM0QlMjJsYXp5JTIyJTIwcmVmZXJyZXJwb2xpY3klM0QlMjJuby1yZWZlcnJlci13aGVuLWRvd25ncmFkZSUyMiUzRSUzQyUyRmlmcmFtZSUzRQ==\u00a0\u00bb css_animation=\u00a0\u00bbfadeInUp\u00a0\u00bb][vc_row][vc_column][vc_column_text]<\/h4>\n<p>[\/vc_column_text][\/vc_column][\/vc_row]<\/p>\n","protected":false},"excerpt":{"rendered":"<p>[vc_row][vc_column][\/vc_column][vc_column_text][vc_column_text el_class=\u00a0\u00bbwiezijnwij\u00a0\u00bb] Taxis Minibus Minivans est une soci\u00e9t\u00e9 de transport situ\u00e9e dans le Brabant flamand. Nous sommes actifs dans toute la Flandre et \u00e0 Bruxelles et disposons de plus de 17 minibus. Afin d\u2019optimiser et maintenir un service de qualit\u00e9, nous demandons r\u00e9guli\u00e9rement l&rsquo;avis de nos clients via notre formulaire web. La ponctualit\u00e9 et la [&hellip;]<\/p>\n","protected":false},"author":1,"featured_media":0,"parent":0,"menu_order":0,"comment_status":"open","ping_status":"closed","template":"","meta":{"footnotes":""},"class_list":["post-60","page","type-page","status-publish","hentry"],"yoast_head":"<!-- This site is optimized with the Yoast SEO plugin v27.4 - https:\/\/yoast.com\/product\/yoast-seo-wordpress\/ -->\n<title>A propos -<\/title>\n<meta name=\"description\" content=\"Soci\u00e9t\u00e9 situ\u00e9 dans le Brabant flamand et disposant de plusieurs minibus. R\u00e9server simplement : https:\/\/taximinibusminivans.be\/fr\/reservation\/\" \/>\n<meta name=\"robots\" content=\"index, follow, max-snippet:-1, max-image-preview:large, max-video-preview:-1\" \/>\n<link rel=\"canonical\" href=\"https:\/\/taximinibusminivans.be\/fr\/\" \/>\n<meta property=\"og:locale\" content=\"fr_FR\" \/>\n<meta property=\"og:type\" content=\"article\" \/>\n<meta property=\"og:title\" content=\"A propos -\" \/>\n<meta property=\"og:description\" content=\"Soci\u00e9t\u00e9 situ\u00e9 dans le Brabant flamand et disposant de plusieurs minibus. R\u00e9server simplement : https:\/\/taximinibusminivans.be\/fr\/reservation\/\" \/>\n<meta property=\"og:url\" content=\"https:\/\/taximinibusminivans.be\/fr\/\" \/>\n<meta property=\"article:modified_time\" content=\"2024-11-12T19:01:35+00:00\" \/>\n<meta name=\"twitter:card\" content=\"summary_large_image\" \/>\n<meta name=\"twitter:label1\" content=\"Dur\u00e9e de lecture estim\u00e9e\" \/>\n\t<meta name=\"twitter:data1\" content=\"1 minute\" \/>\n<script type=\"application\/ld+json\" class=\"yoast-schema-graph\">{\"@context\":\"https:\\\/\\\/schema.org\",\"@graph\":[{\"@type\":\"WebPage\",\"@id\":\"https:\\\/\\\/taximinibusminivans.be\\\/fr\\\/\",\"url\":\"https:\\\/\\\/taximinibusminivans.be\\\/fr\\\/\",\"name\":\"A propos -\",\"isPartOf\":{\"@id\":\"https:\\\/\\\/taximinibusminivans.be\\\/#website\"},\"datePublished\":\"2015-02-27T03:35:54+00:00\",\"dateModified\":\"2024-11-12T19:01:35+00:00\",\"description\":\"Soci\u00e9t\u00e9 situ\u00e9 dans le Brabant flamand et disposant de plusieurs minibus. R\u00e9server simplement : https:\\\/\\\/taximinibusminivans.be\\\/fr\\\/reservation\\\/\",\"breadcrumb\":{\"@id\":\"https:\\\/\\\/taximinibusminivans.be\\\/fr\\\/#breadcrumb\"},\"inLanguage\":\"fr-FR\",\"potentialAction\":[{\"@type\":\"ReadAction\",\"target\":[\"https:\\\/\\\/taximinibusminivans.be\\\/fr\\\/\"]}]},{\"@type\":\"BreadcrumbList\",\"@id\":\"https:\\\/\\\/taximinibusminivans.be\\\/fr\\\/#breadcrumb\",\"itemListElement\":[{\"@type\":\"ListItem\",\"position\":1,\"name\":\"Accueil\",\"item\":\"https:\\\/\\\/taximinibusminivans.be\\\/fr\\\/\"},{\"@type\":\"ListItem\",\"position\":2,\"name\":\"A propos\"}]},{\"@type\":\"WebSite\",\"@id\":\"https:\\\/\\\/taximinibusminivans.be\\\/#website\",\"url\":\"https:\\\/\\\/taximinibusminivans.be\\\/\",\"name\":\"Taximinibusminivans\",\"description\":\"TaxiMinibusMinivans.be\",\"publisher\":{\"@id\":\"https:\\\/\\\/taximinibusminivans.be\\\/#organization\"},\"potentialAction\":[{\"@type\":\"SearchAction\",\"target\":{\"@type\":\"EntryPoint\",\"urlTemplate\":\"https:\\\/\\\/taximinibusminivans.be\\\/?s={search_term_string}\"},\"query-input\":{\"@type\":\"PropertyValueSpecification\",\"valueRequired\":true,\"valueName\":\"search_term_string\"}}],\"inLanguage\":\"fr-FR\"},{\"@type\":\"Organization\",\"@id\":\"https:\\\/\\\/taximinibusminivans.be\\\/#organization\",\"name\":\"Taximinibusminivans.be\",\"url\":\"https:\\\/\\\/taximinibusminivans.be\\\/\",\"logo\":{\"@type\":\"ImageObject\",\"inLanguage\":\"fr-FR\",\"@id\":\"https:\\\/\\\/taximinibusminivans.be\\\/#\\\/schema\\\/logo\\\/image\\\/\",\"url\":\"https:\\\/\\\/taximinibusminivans.be\\\/wp-content\\\/uploads\\\/2024\\\/11\\\/cropped-Logo-1.jpg-1.jpg\",\"contentUrl\":\"https:\\\/\\\/taximinibusminivans.be\\\/wp-content\\\/uploads\\\/2024\\\/11\\\/cropped-Logo-1.jpg-1.jpg\",\"width\":240,\"height\":240,\"caption\":\"Taximinibusminivans.be\"},\"image\":{\"@id\":\"https:\\\/\\\/taximinibusminivans.be\\\/#\\\/schema\\\/logo\\\/image\\\/\"}}]}<\/script>\n<!-- \/ Yoast SEO plugin. -->","yoast_head_json":{"title":"A propos -","description":"Soci\u00e9t\u00e9 situ\u00e9 dans le Brabant flamand et disposant de plusieurs minibus. R\u00e9server simplement : https:\/\/taximinibusminivans.be\/fr\/reservation\/","robots":{"index":"index","follow":"follow","max-snippet":"max-snippet:-1","max-image-preview":"max-image-preview:large","max-video-preview":"max-video-preview:-1"},"canonical":"https:\/\/taximinibusminivans.be\/fr\/","og_locale":"fr_FR","og_type":"article","og_title":"A propos -","og_description":"Soci\u00e9t\u00e9 situ\u00e9 dans le Brabant flamand et disposant de plusieurs minibus. R\u00e9server simplement : https:\/\/taximinibusminivans.be\/fr\/reservation\/","og_url":"https:\/\/taximinibusminivans.be\/fr\/","article_modified_time":"2024-11-12T19:01:35+00:00","twitter_card":"summary_large_image","twitter_misc":{"Dur\u00e9e de lecture estim\u00e9e":"1 minute"},"schema":{"@context":"https:\/\/schema.org","@graph":[{"@type":"WebPage","@id":"https:\/\/taximinibusminivans.be\/fr\/","url":"https:\/\/taximinibusminivans.be\/fr\/","name":"A propos -","isPartOf":{"@id":"https:\/\/taximinibusminivans.be\/#website"},"datePublished":"2015-02-27T03:35:54+00:00","dateModified":"2024-11-12T19:01:35+00:00","description":"Soci\u00e9t\u00e9 situ\u00e9 dans le Brabant flamand et disposant de plusieurs minibus. R\u00e9server simplement : https:\/\/taximinibusminivans.be\/fr\/reservation\/","breadcrumb":{"@id":"https:\/\/taximinibusminivans.be\/fr\/#breadcrumb"},"inLanguage":"fr-FR","potentialAction":[{"@type":"ReadAction","target":["https:\/\/taximinibusminivans.be\/fr\/"]}]},{"@type":"BreadcrumbList","@id":"https:\/\/taximinibusminivans.be\/fr\/#breadcrumb","itemListElement":[{"@type":"ListItem","position":1,"name":"Accueil","item":"https:\/\/taximinibusminivans.be\/fr\/"},{"@type":"ListItem","position":2,"name":"A propos"}]},{"@type":"WebSite","@id":"https:\/\/taximinibusminivans.be\/#website","url":"https:\/\/taximinibusminivans.be\/","name":"Taximinibusminivans","description":"TaxiMinibusMinivans.be","publisher":{"@id":"https:\/\/taximinibusminivans.be\/#organization"},"potentialAction":[{"@type":"SearchAction","target":{"@type":"EntryPoint","urlTemplate":"https:\/\/taximinibusminivans.be\/?s={search_term_string}"},"query-input":{"@type":"PropertyValueSpecification","valueRequired":true,"valueName":"search_term_string"}}],"inLanguage":"fr-FR"},{"@type":"Organization","@id":"https:\/\/taximinibusminivans.be\/#organization","name":"Taximinibusminivans.be","url":"https:\/\/taximinibusminivans.be\/","logo":{"@type":"ImageObject","inLanguage":"fr-FR","@id":"https:\/\/taximinibusminivans.be\/#\/schema\/logo\/image\/","url":"https:\/\/taximinibusminivans.be\/wp-content\/uploads\/2024\/11\/cropped-Logo-1.jpg-1.jpg","contentUrl":"https:\/\/taximinibusminivans.be\/wp-content\/uploads\/2024\/11\/cropped-Logo-1.jpg-1.jpg","width":240,"height":240,"caption":"Taximinibusminivans.be"},"image":{"@id":"https:\/\/taximinibusminivans.be\/#\/schema\/logo\/image\/"}}]}},"jetpack_sharing_enabled":true,"_links":{"self":[{"href":"https:\/\/taximinibusminivans.be\/fr\/wp-json\/wp\/v2\/pages\/60","targetHints":{"allow":["GET"]}}],"collection":[{"href":"https:\/\/taximinibusminivans.be\/fr\/wp-json\/wp\/v2\/pages"}],"about":[{"href":"https:\/\/taximinibusminivans.be\/fr\/wp-json\/wp\/v2\/types\/page"}],"author":[{"embeddable":true,"href":"https:\/\/taximinibusminivans.be\/fr\/wp-json\/wp\/v2\/users\/1"}],"replies":[{"embeddable":true,"href":"https:\/\/taximinibusminivans.be\/fr\/wp-json\/wp\/v2\/comments?post=60"}],"version-history":[{"count":0,"href":"https:\/\/taximinibusminivans.be\/fr\/wp-json\/wp\/v2\/pages\/60\/revisions"}],"wp:attachment":[{"href":"https:\/\/taximinibusminivans.be\/fr\/wp-json\/wp\/v2\/media?parent=60"}],"curies":[{"name":"wp","href":"https:\/\/api.w.org\/{rel}","templated":true}]}}