{"id":731,"date":"2022-04-17T00:35:46","date_gmt":"2022-04-17T00:35:46","guid":{"rendered":"https:\/\/polymedshop.live-website.com\/?page_id=731"},"modified":"2025-06-20T14:52:30","modified_gmt":"2025-06-20T14:52:30","slug":"services-et-engagements","status":"publish","type":"page","link":"https:\/\/taximinibusminivans.be\/fr\/services-et-engagements\/","title":{"rendered":"Services"},"content":{"rendered":"<p>[vc_row][vc_column css=\u00a0\u00bb.vc_custom_1672233901878{margin-right: 200px !important;margin-left: 200px !important;}\u00a0\u00bb][vc_raw_html]JTVCc21hcnRzbGlkZXIzJTIwc2xpZGVyJTNEJTIyMSUyMiU1RA==[\/vc_raw_html][\/vc_column][\/vc_row][vc_row][vc_column][vc_row_inner][vc_column_inner][vc_column_text]<\/p>\n<h2>Chez <strong>Taxis Minibus Minivans<\/strong>, nous mettons \u00e0 votre disposition une \u00e9quipe exp\u00e9riment\u00e9e pour tous vos <strong>transferts<\/strong> et <strong>d\u00e9placements en Belgique et \u00e0 l\u2019\u00e9tranger<\/strong>.<br \/>\nQue ce soit pour des particuliers, des professionnels ou des \u00e9v\u00e9nements, nous vous garantissons un service sur mesure.<\/h2>\n<p>[\/vc_column_text][vc_column_text]<\/p>\n<ul>\n<li><i class=\"fas fa-train\"><\/i> <strong>Gares :<\/strong> Bruxelles-Sud, Bruxelles-Nord, Bruxelles-Central, Anvers-Central<\/li>\n<li><i class=\"fas fa-plane-departure\"><\/i> <strong>A\u00e9roports :<\/strong> Zaventem, Charleroi, Ostende, Deurne, Li\u00e8ge, Paris, Schiphol<\/li>\n<li><i class=\"fas fa-city\"><\/i> <strong>City-trips :<\/strong> Excursions \u00e0 la mer, visites de Bruges, Gand, etc.<\/li>\n<li><i class=\"fas fa-heart\"><\/i> <strong>Mariages &amp; \u00e9v\u00e9nements :<\/strong> Transport des mari\u00e9s et invit\u00e9s + navettes personnalis\u00e9es<\/li>\n<li><i class=\"fas fa-briefcase\"><\/i> <strong>Entreprises :<\/strong> Navettes pour \u00e9v\u00e9nements, s\u00e9minaires, soir\u00e9es d&rsquo;entreprise<\/li>\n<li><i class=\"fas fa-music\"><\/i> <strong>Festivals :<\/strong> Transport des festivaliers, artistes et techniciens<\/li>\n<li><i class=\"fas fa-globe-europe\"><\/i> <strong>International :<\/strong> Transferts depuis\/vers la Suisse et d&rsquo;autres pays europ\u00e9ens<\/li>\n<\/ul>\n<p>[\/vc_column_text][vc_separator color=\u00a0\u00bborange\u00a0\u00bb][vc_column_text]<\/p>\n<h2 style=\"text-align: center;\"><strong><i class=\"fas fa-check-circle\"><\/i> Nos engagements<\/strong><\/h2>\n<p>[\/vc_column_text][vc_column_text]<\/p>\n<ul>\n<li style=\"text-align: center; list-style: none;\"><i class=\"fas fa-user-tie\"><\/i> Des chauffeurs exp\u00e9riment\u00e9s, s\u00e9lectionn\u00e9s avec soin<\/li>\n<li style=\"text-align: center;\"><i class=\"fas fa-clock\"><\/i> Ponctualit\u00e9, fiabilit\u00e9 et s\u00e9curit\u00e9 \u00e0 chaque trajet<\/li>\n<li style=\"text-align: center;\"><i class=\"fas fa-smile\"><\/i> Une satisfaction client au c\u0153ur de nos priorit\u00e9s<\/li>\n<\/ul>\n<p>[\/vc_column_text][vc_separator color=\u00a0\u00bborange\u00a0\u00bb css_animation=\u00a0\u00bbnone\u00a0\u00bb][vc_column_text]<\/p>\n<h3 style=\"text-align: center;\"><strong><i class=\"fas fa-question-circle\"><\/i> Une demande sp\u00e9cifique ou besoin d&rsquo;un devis gratuit ?<\/strong><br \/>\n<a class=\"btn btn-primary\" href=\"https:\/\/taximinibusminivans.be\/fr\/contact\">Contactez-nous<\/a><\/h3>\n<p>[\/vc_column_text][\/vc_column_inner][\/vc_row_inner][\/vc_column][\/vc_row]<\/p>\n","protected":false},"excerpt":{"rendered":"<p>[vc_row][vc_column css=\u00a0\u00bb.vc_custom_1672233901878{margin-right: 200px !important;margin-left: 200px !important;}\u00a0\u00bb][vc_raw_html]JTVCc21hcnRzbGlkZXIzJTIwc2xpZGVyJTNEJTIyMSUyMiU1RA==[\/vc_raw_html][\/vc_column][\/vc_row][vc_row][vc_column][vc_row_inner][vc_column_inner][vc_column_text] Chez Taxis Minibus Minivans, nous mettons \u00e0 votre disposition une \u00e9quipe exp\u00e9riment\u00e9e pour tous vos transferts et d\u00e9placements en Belgique et \u00e0 l\u2019\u00e9tranger. Que ce soit pour des particuliers, des professionnels ou des \u00e9v\u00e9nements, nous vous garantissons un service sur mesure. [\/vc_column_text][vc_column_text] Gares : Bruxelles-Sud, Bruxelles-Nord, Bruxelles-Central, Anvers-Central A\u00e9roports [&hellip;]<\/p>\n","protected":false},"author":1,"featured_media":0,"parent":0,"menu_order":0,"comment_status":"closed","ping_status":"closed","template":"","meta":{"footnotes":""},"class_list":["post-731","page","type-page","status-publish","hentry"],"yoast_head":"<!-- This site is optimized with the Yoast SEO plugin v27.4 - https:\/\/yoast.com\/product\/yoast-seo-wordpress\/ -->\n<title>Services -<\/title>\n<meta name=\"robots\" content=\"index, follow, max-snippet:-1, max-image-preview:large, max-video-preview:-1\" \/>\n<link rel=\"canonical\" href=\"https:\/\/taximinibusminivans.be\/fr\/services-et-engagements\/\" \/>\n<meta property=\"og:locale\" content=\"fr_FR\" \/>\n<meta property=\"og:type\" content=\"article\" \/>\n<meta property=\"og:title\" content=\"Services -\" \/>\n<meta property=\"og:description\" content=\"[vc_row][vc_column css=\u00a0\u00bb.vc_custom_1672233901878{margin-right: 200px !important;margin-left: 200px !important;}\u00a0\u00bb][vc_raw_html]JTVCc21hcnRzbGlkZXIzJTIwc2xpZGVyJTNEJTIyMSUyMiU1RA==[\/vc_raw_html][\/vc_column][\/vc_row][vc_row][vc_column][vc_row_inner][vc_column_inner][vc_column_text] Chez Taxis Minibus Minivans, nous mettons \u00e0 votre disposition une \u00e9quipe exp\u00e9riment\u00e9e pour tous vos transferts et d\u00e9placements en Belgique et \u00e0 l\u2019\u00e9tranger. Que ce soit pour des particuliers, des professionnels ou des \u00e9v\u00e9nements, nous vous garantissons un service sur mesure. [\/vc_column_text][vc_column_text] Gares : Bruxelles-Sud, Bruxelles-Nord, Bruxelles-Central, Anvers-Central A\u00e9roports [&hellip;]\" \/>\n<meta property=\"og:url\" content=\"https:\/\/taximinibusminivans.be\/fr\/services-et-engagements\/\" \/>\n<meta property=\"article:modified_time\" content=\"2025-06-20T14:52:30+00:00\" \/>\n<meta name=\"twitter:card\" content=\"summary_large_image\" \/>\n<meta name=\"twitter:label1\" content=\"Dur\u00e9e de lecture estim\u00e9e\" \/>\n\t<meta name=\"twitter:data1\" content=\"1 minute\" \/>\n<script type=\"application\/ld+json\" class=\"yoast-schema-graph\">{\"@context\":\"https:\\\/\\\/schema.org\",\"@graph\":[{\"@type\":\"WebPage\",\"@id\":\"https:\\\/\\\/taximinibusminivans.be\\\/fr\\\/services-et-engagements\\\/\",\"url\":\"https:\\\/\\\/taximinibusminivans.be\\\/fr\\\/services-et-engagements\\\/\",\"name\":\"Services -\",\"isPartOf\":{\"@id\":\"https:\\\/\\\/taximinibusminivans.be\\\/#website\"},\"datePublished\":\"2022-04-17T00:35:46+00:00\",\"dateModified\":\"2025-06-20T14:52:30+00:00\",\"breadcrumb\":{\"@id\":\"https:\\\/\\\/taximinibusminivans.be\\\/fr\\\/services-et-engagements\\\/#breadcrumb\"},\"inLanguage\":\"fr-FR\",\"potentialAction\":[{\"@type\":\"ReadAction\",\"target\":[\"https:\\\/\\\/taximinibusminivans.be\\\/fr\\\/services-et-engagements\\\/\"]}]},{\"@type\":\"BreadcrumbList\",\"@id\":\"https:\\\/\\\/taximinibusminivans.be\\\/fr\\\/services-et-engagements\\\/#breadcrumb\",\"itemListElement\":[{\"@type\":\"ListItem\",\"position\":1,\"name\":\"Accueil\",\"item\":\"https:\\\/\\\/taximinibusminivans.be\\\/fr\\\/\"},{\"@type\":\"ListItem\",\"position\":2,\"name\":\"Services\"}]},{\"@type\":\"WebSite\",\"@id\":\"https:\\\/\\\/taximinibusminivans.be\\\/#website\",\"url\":\"https:\\\/\\\/taximinibusminivans.be\\\/\",\"name\":\"Taximinibusminivans\",\"description\":\"TaxiMinibusMinivans.be\",\"publisher\":{\"@id\":\"https:\\\/\\\/taximinibusminivans.be\\\/#organization\"},\"potentialAction\":[{\"@type\":\"SearchAction\",\"target\":{\"@type\":\"EntryPoint\",\"urlTemplate\":\"https:\\\/\\\/taximinibusminivans.be\\\/?s={search_term_string}\"},\"query-input\":{\"@type\":\"PropertyValueSpecification\",\"valueRequired\":true,\"valueName\":\"search_term_string\"}}],\"inLanguage\":\"fr-FR\"},{\"@type\":\"Organization\",\"@id\":\"https:\\\/\\\/taximinibusminivans.be\\\/#organization\",\"name\":\"Taximinibusminivans.be\",\"url\":\"https:\\\/\\\/taximinibusminivans.be\\\/\",\"logo\":{\"@type\":\"ImageObject\",\"inLanguage\":\"fr-FR\",\"@id\":\"https:\\\/\\\/taximinibusminivans.be\\\/#\\\/schema\\\/logo\\\/image\\\/\",\"url\":\"https:\\\/\\\/taximinibusminivans.be\\\/wp-content\\\/uploads\\\/2024\\\/11\\\/cropped-Logo-1.jpg-1.jpg\",\"contentUrl\":\"https:\\\/\\\/taximinibusminivans.be\\\/wp-content\\\/uploads\\\/2024\\\/11\\\/cropped-Logo-1.jpg-1.jpg\",\"width\":240,\"height\":240,\"caption\":\"Taximinibusminivans.be\"},\"image\":{\"@id\":\"https:\\\/\\\/taximinibusminivans.be\\\/#\\\/schema\\\/logo\\\/image\\\/\"}}]}<\/script>\n<!-- \/ Yoast SEO plugin. -->","yoast_head_json":{"title":"Services -","robots":{"index":"index","follow":"follow","max-snippet":"max-snippet:-1","max-image-preview":"max-image-preview:large","max-video-preview":"max-video-preview:-1"},"canonical":"https:\/\/taximinibusminivans.be\/fr\/services-et-engagements\/","og_locale":"fr_FR","og_type":"article","og_title":"Services -","og_description":"[vc_row][vc_column css=\u00a0\u00bb.vc_custom_1672233901878{margin-right: 200px !important;margin-left: 200px !important;}\u00a0\u00bb][vc_raw_html]JTVCc21hcnRzbGlkZXIzJTIwc2xpZGVyJTNEJTIyMSUyMiU1RA==[\/vc_raw_html][\/vc_column][\/vc_row][vc_row][vc_column][vc_row_inner][vc_column_inner][vc_column_text] Chez Taxis Minibus Minivans, nous mettons \u00e0 votre disposition une \u00e9quipe exp\u00e9riment\u00e9e pour tous vos transferts et d\u00e9placements en Belgique et \u00e0 l\u2019\u00e9tranger. Que ce soit pour des particuliers, des professionnels ou des \u00e9v\u00e9nements, nous vous garantissons un service sur mesure. [\/vc_column_text][vc_column_text] Gares : Bruxelles-Sud, Bruxelles-Nord, Bruxelles-Central, Anvers-Central A\u00e9roports [&hellip;]","og_url":"https:\/\/taximinibusminivans.be\/fr\/services-et-engagements\/","article_modified_time":"2025-06-20T14:52:30+00:00","twitter_card":"summary_large_image","twitter_misc":{"Dur\u00e9e de lecture estim\u00e9e":"1 minute"},"schema":{"@context":"https:\/\/schema.org","@graph":[{"@type":"WebPage","@id":"https:\/\/taximinibusminivans.be\/fr\/services-et-engagements\/","url":"https:\/\/taximinibusminivans.be\/fr\/services-et-engagements\/","name":"Services -","isPartOf":{"@id":"https:\/\/taximinibusminivans.be\/#website"},"datePublished":"2022-04-17T00:35:46+00:00","dateModified":"2025-06-20T14:52:30+00:00","breadcrumb":{"@id":"https:\/\/taximinibusminivans.be\/fr\/services-et-engagements\/#breadcrumb"},"inLanguage":"fr-FR","potentialAction":[{"@type":"ReadAction","target":["https:\/\/taximinibusminivans.be\/fr\/services-et-engagements\/"]}]},{"@type":"BreadcrumbList","@id":"https:\/\/taximinibusminivans.be\/fr\/services-et-engagements\/#breadcrumb","itemListElement":[{"@type":"ListItem","position":1,"name":"Accueil","item":"https:\/\/taximinibusminivans.be\/fr\/"},{"@type":"ListItem","position":2,"name":"Services"}]},{"@type":"WebSite","@id":"https:\/\/taximinibusminivans.be\/#website","url":"https:\/\/taximinibusminivans.be\/","name":"Taximinibusminivans","description":"TaxiMinibusMinivans.be","publisher":{"@id":"https:\/\/taximinibusminivans.be\/#organization"},"potentialAction":[{"@type":"SearchAction","target":{"@type":"EntryPoint","urlTemplate":"https:\/\/taximinibusminivans.be\/?s={search_term_string}"},"query-input":{"@type":"PropertyValueSpecification","valueRequired":true,"valueName":"search_term_string"}}],"inLanguage":"fr-FR"},{"@type":"Organization","@id":"https:\/\/taximinibusminivans.be\/#organization","name":"Taximinibusminivans.be","url":"https:\/\/taximinibusminivans.be\/","logo":{"@type":"ImageObject","inLanguage":"fr-FR","@id":"https:\/\/taximinibusminivans.be\/#\/schema\/logo\/image\/","url":"https:\/\/taximinibusminivans.be\/wp-content\/uploads\/2024\/11\/cropped-Logo-1.jpg-1.jpg","contentUrl":"https:\/\/taximinibusminivans.be\/wp-content\/uploads\/2024\/11\/cropped-Logo-1.jpg-1.jpg","width":240,"height":240,"caption":"Taximinibusminivans.be"},"image":{"@id":"https:\/\/taximinibusminivans.be\/#\/schema\/logo\/image\/"}}]}},"jetpack_sharing_enabled":true,"_links":{"self":[{"href":"https:\/\/taximinibusminivans.be\/fr\/wp-json\/wp\/v2\/pages\/731","targetHints":{"allow":["GET"]}}],"collection":[{"href":"https:\/\/taximinibusminivans.be\/fr\/wp-json\/wp\/v2\/pages"}],"about":[{"href":"https:\/\/taximinibusminivans.be\/fr\/wp-json\/wp\/v2\/types\/page"}],"author":[{"embeddable":true,"href":"https:\/\/taximinibusminivans.be\/fr\/wp-json\/wp\/v2\/users\/1"}],"replies":[{"embeddable":true,"href":"https:\/\/taximinibusminivans.be\/fr\/wp-json\/wp\/v2\/comments?post=731"}],"version-history":[{"count":0,"href":"https:\/\/taximinibusminivans.be\/fr\/wp-json\/wp\/v2\/pages\/731\/revisions"}],"wp:attachment":[{"href":"https:\/\/taximinibusminivans.be\/fr\/wp-json\/wp\/v2\/media?parent=731"}],"curies":[{"name":"wp","href":"https:\/\/api.w.org\/{rel}","templated":true}]}}